{"id":220,"date":"2025-10-15T01:10:41","date_gmt":"2025-10-15T05:10:41","guid":{"rendered":"https:\/\/krazhdj.com\/?page_id=220"},"modified":"2025-12-03T00:18:33","modified_gmt":"2025-12-03T05:18:33","slug":"inicio","status":"publish","type":"page","link":"https:\/\/krazhdj.com\/index.php\/inicio\/","title":{"rendered":"bautizo"},"content":{"rendered":"\n<p class=\"has-text-align-center has-dancing-in-the-rainbow-font-family has-semi-huge-font-size\">Bautizos<\/p>\n\n\n\n<div class=\"wp-block-columns is-layout-flex wp-container-core-columns-is-layout-28f84493 wp-block-columns-is-layout-flex\">\n<div class=\"wp-block-column is-layout-flow wp-block-column-is-layout-flow\">\n<figure class=\"wp-block-image size-large\"><img fetchpriority=\"high\" decoding=\"async\" width=\"1024\" height=\"904\" src=\"https:\/\/krazhdj.com\/wp-content\/uploads\/2025\/09\/DSC06011-1024x904.jpg\" alt=\"\" class=\"wp-image-34\" srcset=\"https:\/\/krazhdj.com\/wp-content\/uploads\/2025\/09\/DSC06011-1024x904.jpg 1024w, https:\/\/krazhdj.com\/wp-content\/uploads\/2025\/09\/DSC06011-300x265.jpg 300w, https:\/\/krazhdj.com\/wp-content\/uploads\/2025\/09\/DSC06011-768x678.jpg 768w, https:\/\/krazhdj.com\/wp-content\/uploads\/2025\/09\/DSC06011-1536x1356.jpg 1536w, https:\/\/krazhdj.com\/wp-content\/uploads\/2025\/09\/DSC06011-2048x1808.jpg 2048w\" sizes=\"(max-width: 1024px) 100vw, 1024px\" \/><\/figure>\n<\/div>\n\n\n\n<div class=\"wp-block-column is-layout-flow wp-block-column-is-layout-flow\">\n<p class=\"has-small-font-size\">El bautizo es un momento \u00fanico, lleno de amor, bendiciones y familia reunida.<br>En <strong>KRAZH Entertainment<\/strong> capturamos cada detalle con delicadeza y profesionalismo para que este d\u00eda tan especial permanezca vivo por siempre.<br><\/p>\n<\/div>\n<\/div>\n\n\n\n<div class=\"wp-block-columns is-layout-flex wp-container-core-columns-is-layout-28f84493 wp-block-columns-is-layout-flex\">\n<div class=\"wp-block-column is-layout-flow wp-block-column-is-layout-flow\">\n<p class=\"has-small-font-size\">Nuestros servicios de <strong>fotograf\u00eda, video y entretenimiento<\/strong> est\u00e1n dise\u00f1ados para darle a su celebraci\u00f3n un toque c\u00e1lido, elegante y perfectamente organizado.<br>Porque los recuerdos m\u00e1s importantes merecen ser preservados con excelencia.<\/p>\n<\/div>\n\n\n\n<div class=\"wp-block-column is-layout-flow wp-block-column-is-layout-flow\">\n<figure class=\"wp-block-image size-large\"><img decoding=\"async\" width=\"1024\" height=\"683\" src=\"https:\/\/krazhdj.com\/wp-content\/uploads\/2025\/12\/ChatGPT-Image-Dec-3-2025-12_12_27-AM-1024x683.jpg\" alt=\"\" class=\"wp-image-463\" srcset=\"https:\/\/krazhdj.com\/wp-content\/uploads\/2025\/12\/ChatGPT-Image-Dec-3-2025-12_12_27-AM-1024x683.jpg 1024w, https:\/\/krazhdj.com\/wp-content\/uploads\/2025\/12\/ChatGPT-Image-Dec-3-2025-12_12_27-AM-300x200.jpg 300w, https:\/\/krazhdj.com\/wp-content\/uploads\/2025\/12\/ChatGPT-Image-Dec-3-2025-12_12_27-AM-768x512.jpg 768w, https:\/\/krazhdj.com\/wp-content\/uploads\/2025\/12\/ChatGPT-Image-Dec-3-2025-12_12_27-AM.jpg 1536w\" sizes=\"(max-width: 1024px) 100vw, 1024px\" \/><\/figure>\n<\/div>\n<\/div>\n","protected":false},"excerpt":{"rendered":"<p>Bautizos El bautizo es un momento \u00fanico, lleno de amor, bendiciones y familia reunida.En KRAZH Entertainment capturamos cada detalle con delicadeza y profesionalismo para que este d\u00eda tan especial permanezca vivo por siempre. Nuestros servicios de fotograf\u00eda, video y entretenimiento est\u00e1n dise\u00f1ados para darle a su celebraci\u00f3n un toque c\u00e1lido, elegante y perfectamente organizado.Porque los [&hellip;]<\/p>\n","protected":false},"author":1,"featured_media":0,"parent":0,"menu_order":0,"comment_status":"closed","ping_status":"closed","template":"","meta":{"_monsterinsights_skip_tracking":false,"_monsterinsights_sitenote_active":false,"_monsterinsights_sitenote_note":"","_monsterinsights_sitenote_category":0,"ngg_post_thumbnail":0,"footnotes":""},"class_list":["post-220","page","type-page","status-publish","hentry"],"_links":{"self":[{"href":"https:\/\/krazhdj.com\/index.php\/wp-json\/wp\/v2\/pages\/220","targetHints":{"allow":["GET"]}}],"collection":[{"href":"https:\/\/krazhdj.com\/index.php\/wp-json\/wp\/v2\/pages"}],"about":[{"href":"https:\/\/krazhdj.com\/index.php\/wp-json\/wp\/v2\/types\/page"}],"author":[{"embeddable":true,"href":"https:\/\/krazhdj.com\/index.php\/wp-json\/wp\/v2\/users\/1"}],"replies":[{"embeddable":true,"href":"https:\/\/krazhdj.com\/index.php\/wp-json\/wp\/v2\/comments?post=220"}],"version-history":[{"count":4,"href":"https:\/\/krazhdj.com\/index.php\/wp-json\/wp\/v2\/pages\/220\/revisions"}],"predecessor-version":[{"id":464,"href":"https:\/\/krazhdj.com\/index.php\/wp-json\/wp\/v2\/pages\/220\/revisions\/464"}],"wp:attachment":[{"href":"https:\/\/krazhdj.com\/index.php\/wp-json\/wp\/v2\/media?parent=220"}],"curies":[{"name":"wp","href":"https:\/\/api.w.org\/{rel}","templated":true}]}}