{"id":86,"date":"2025-10-10T00:06:45","date_gmt":"2025-10-10T04:06:45","guid":{"rendered":"https:\/\/krazhdj.com\/?page_id=86"},"modified":"2025-10-15T01:10:41","modified_gmt":"2025-10-15T05:10:41","slug":"15_16","status":"publish","type":"page","link":"https:\/\/krazhdj.com\/index.php\/15_16\/","title":{"rendered":"15_16"},"content":{"rendered":"\n<div class=\"wp-block-columns is-layout-flex wp-container-core-columns-is-layout-28f84493 wp-block-columns-is-layout-flex\">\n<div class=\"wp-block-column is-layout-flow wp-block-column-is-layout-flow\">\n<h2 class=\"wp-block-heading has-text-align-center has-white-color has-text-color has-link-color has-dancing-in-the-rainbow-font-family has-semi-huge-font-size wp-elements-6abbbefc420bb68955d102e177d81390\">Quincea\u00f1eras &amp; Sweet 16 <\/h2>\n<\/div>\n<\/div>\n\n\n\n<div class=\"wp-block-columns is-layout-flex wp-container-core-columns-is-layout-28f84493 wp-block-columns-is-layout-flex\">\n<div class=\"wp-block-column is-layout-flow wp-block-column-is-layout-flow\" style=\"flex-basis:66.66%\">\n<figure class=\"wp-block-image size-full\"><img fetchpriority=\"high\" decoding=\"async\" width=\"1920\" height=\"1080\" src=\"https:\/\/krazhdj.com\/wp-content\/uploads\/2025\/10\/quince-16.png\" alt=\"\" class=\"wp-image-244\" srcset=\"https:\/\/krazhdj.com\/wp-content\/uploads\/2025\/10\/quince-16.png 1920w, https:\/\/krazhdj.com\/wp-content\/uploads\/2025\/10\/quince-16-300x169.png 300w, https:\/\/krazhdj.com\/wp-content\/uploads\/2025\/10\/quince-16-1024x576.png 1024w, https:\/\/krazhdj.com\/wp-content\/uploads\/2025\/10\/quince-16-768x432.png 768w, https:\/\/krazhdj.com\/wp-content\/uploads\/2025\/10\/quince-16-1536x864.png 1536w\" sizes=\"(max-width: 1920px) 100vw, 1920px\" \/><\/figure>\n<\/div>\n\n\n\n<div class=\"wp-block-column is-layout-flow wp-block-column-is-layout-flow\" style=\"flex-basis:60%\">\n<p class=\"has-small-font-size\" style=\"font-style:normal;font-weight:200\">En <strong>KRAZH Entertainment<\/strong> transformamos cada <strong>quincea\u00f1ero o Sweet 16<\/strong> en una experiencia visual inolvidable. Nuestro servicio de <strong>fotograf\u00eda y video profesional<\/strong> captura la magia, elegancia y emoci\u00f3n de ese d\u00eda tan esperado, resaltando cada detalle con creatividad y estilo cinematogr\u00e1fico. Desde los preparativos hasta el \u00faltimo baile, nuestro equipo combina arte, tecnolog\u00eda y pasi\u00f3n para crear recuerdos que perdurar\u00e1n toda la vida. Ofrecemos im\u00e1genes vibrantes, videos llenos de emoci\u00f3n y una atenci\u00f3n personalizada que convierte tu celebraci\u00f3n en una historia \u00fanica. <strong>Revive tu momento una y otra vez con KRAZH Entertainment: donde cada instante se convierte en arte.<\/strong><\/p>\n<\/div>\n<\/div>\n\n\n\n<div class=\"wp-block-columns is-layout-flex wp-container-core-columns-is-layout-28f84493 wp-block-columns-is-layout-flex\">\n<div class=\"wp-block-column is-layout-flow wp-block-column-is-layout-flow\">\nngg_shortcode_0_placeholder\n<\/div>\n<\/div>\n\n\n\n<figure class=\"wp-block-video\"><video height=\"1080\" style=\"aspect-ratio: 1920 \/ 1080;\" width=\"1920\" controls poster=\"https:\/\/krazhdj.com\/wp-content\/uploads\/2025\/10\/a-216.jpg\" src=\"https:\/\/krazhdj.com\/wp-content\/uploads\/2025\/10\/Gabriela-.mp4-Intro.mp4\"><\/video><\/figure>\n","protected":false},"excerpt":{"rendered":"<p>Quincea\u00f1eras &amp; Sweet 16 En KRAZH Entertainment transformamos cada quincea\u00f1ero o Sweet 16 en una experiencia visual inolvidable. Nuestro servicio de fotograf\u00eda y video profesional captura la magia, elegancia y emoci\u00f3n de ese d\u00eda tan esperado, resaltando cada detalle con creatividad y estilo cinematogr\u00e1fico. Desde los preparativos hasta el \u00faltimo baile, nuestro equipo combina arte, [&hellip;]<\/p>\n","protected":false},"author":1,"featured_media":0,"parent":0,"menu_order":0,"comment_status":"closed","ping_status":"closed","template":"","meta":{"_monsterinsights_skip_tracking":false,"_monsterinsights_sitenote_active":false,"_monsterinsights_sitenote_note":"","_monsterinsights_sitenote_category":0,"ngg_post_thumbnail":0,"footnotes":""},"class_list":["post-86","page","type-page","status-publish","hentry"],"_links":{"self":[{"href":"https:\/\/krazhdj.com\/index.php\/wp-json\/wp\/v2\/pages\/86","targetHints":{"allow":["GET"]}}],"collection":[{"href":"https:\/\/krazhdj.com\/index.php\/wp-json\/wp\/v2\/pages"}],"about":[{"href":"https:\/\/krazhdj.com\/index.php\/wp-json\/wp\/v2\/types\/page"}],"author":[{"embeddable":true,"href":"https:\/\/krazhdj.com\/index.php\/wp-json\/wp\/v2\/users\/1"}],"replies":[{"embeddable":true,"href":"https:\/\/krazhdj.com\/index.php\/wp-json\/wp\/v2\/comments?post=86"}],"version-history":[{"count":8,"href":"https:\/\/krazhdj.com\/index.php\/wp-json\/wp\/v2\/pages\/86\/revisions"}],"predecessor-version":[{"id":309,"href":"https:\/\/krazhdj.com\/index.php\/wp-json\/wp\/v2\/pages\/86\/revisions\/309"}],"wp:attachment":[{"href":"https:\/\/krazhdj.com\/index.php\/wp-json\/wp\/v2\/media?parent=86"}],"curies":[{"name":"wp","href":"https:\/\/api.w.org\/{rel}","templated":true}]}}