{"id":88,"date":"2025-10-10T00:55:56","date_gmt":"2025-10-10T04:55:56","guid":{"rendered":"https:\/\/krazhdj.com\/?page_id=88"},"modified":"2025-11-11T01:02:28","modified_gmt":"2025-11-11T06:02:28","slug":"limosinas","status":"publish","type":"page","link":"https:\/\/krazhdj.com\/index.php\/limosinas\/","title":{"rendered":"limosinas"},"content":{"rendered":"\n<p class=\"has-text-align-center has-dancing-in-the-rainbow-font-family has-semi-huge-font-size\">Limosinas<\/p>\n\n\n\n<div class=\"wp-block-columns is-layout-flex wp-container-core-columns-is-layout-28f84493 wp-block-columns-is-layout-flex\">\n<div class=\"wp-block-column is-layout-flow wp-block-column-is-layout-flow\">\n<figure class=\"wp-block-image size-large\"><img fetchpriority=\"high\" decoding=\"async\" width=\"1024\" height=\"683\" src=\"https:\/\/krazhdj.com\/wp-content\/uploads\/2025\/09\/Lopez-692-1024x683.jpg\" alt=\"\" class=\"wp-image-52\" srcset=\"https:\/\/krazhdj.com\/wp-content\/uploads\/2025\/09\/Lopez-692-1024x683.jpg 1024w, https:\/\/krazhdj.com\/wp-content\/uploads\/2025\/09\/Lopez-692-300x200.jpg 300w, https:\/\/krazhdj.com\/wp-content\/uploads\/2025\/09\/Lopez-692-768x512.jpg 768w, https:\/\/krazhdj.com\/wp-content\/uploads\/2025\/09\/Lopez-692-1536x1024.jpg 1536w, https:\/\/krazhdj.com\/wp-content\/uploads\/2025\/09\/Lopez-692-2048x1365.jpg 2048w\" sizes=\"(max-width: 1024px) 100vw, 1024px\" \/><\/figure>\n<\/div>\n\n\n\n<div class=\"wp-block-column is-layout-flow wp-block-column-is-layout-flow\">\n<p class=\"has-medium-font-size\" style=\"font-style:normal;font-weight:200\">Llegar con estilo marca la diferencia.<br>En <strong>KRAZH Entertainment<\/strong>, nuestras <strong>limosinas elegantes<\/strong> son el toque perfecto para hacer de su entrada un momento inolvidable.<br>Cada detalle, desde el confort interior hasta la presentaci\u00f3n impecable, est\u00e1 pensado para realzar la magia de su boda, quincea\u00f1era o evento especial.<br>Porque ese d\u00eda, usted merece sentirse como la verdadera estrella del momento.<\/p>\n\n\n\n<div class=\"wp-block-columns is-layout-flex wp-container-core-columns-is-layout-28f84493 wp-block-columns-is-layout-flex\">\n<div class=\"wp-block-column is-layout-flow wp-block-column-is-layout-flow\"><\/div>\n\n\n\n<div class=\"wp-block-column is-layout-flow wp-block-column-is-layout-flow\"><\/div>\n<\/div>\n<\/div>\n<\/div>\n\n\n\n<div class=\"wp-block-columns is-layout-flex wp-container-core-columns-is-layout-28f84493 wp-block-columns-is-layout-flex\">\n<div class=\"wp-block-column is-layout-flow wp-block-column-is-layout-flow\">\n<p><\/p>\n\n\n\n<p><\/p>\n\n\n\n<p class=\"has-medium-font-size\" style=\"font-style:normal;font-weight:200\">Cada detalle cuenta, y en <strong>KRAZH Entertainment<\/strong> nos aseguramos de que su transporte sea tan impecable como el resto del evento.<br>Nuestro equipo coordina con precisi\u00f3n los horarios y lugares para garantizar puntualidad, seguridad y una experiencia sin contratiempos.<br>Usted solo disfrute del momento\u2026 nosotros nos encargamos del resto.<\/p>\n<\/div>\n\n\n\n<div class=\"wp-block-column is-layout-flow wp-block-column-is-layout-flow\">\n<figure class=\"wp-block-image size-large\"><img decoding=\"async\" width=\"1024\" height=\"768\" src=\"https:\/\/krazhdj.com\/wp-content\/uploads\/2025\/11\/4823-1-1024x768.jpeg\" alt=\"\" class=\"wp-image-404\" srcset=\"https:\/\/krazhdj.com\/wp-content\/uploads\/2025\/11\/4823-1-1024x768.jpeg 1024w, https:\/\/krazhdj.com\/wp-content\/uploads\/2025\/11\/4823-1-300x225.jpeg 300w, https:\/\/krazhdj.com\/wp-content\/uploads\/2025\/11\/4823-1-768x576.jpeg 768w, https:\/\/krazhdj.com\/wp-content\/uploads\/2025\/11\/4823-1.jpeg 1440w\" sizes=\"(max-width: 1024px) 100vw, 1024px\" \/><\/figure>\n<\/div>\n<\/div>\n\n\n\n<figure class=\"wp-block-gallery has-nested-images columns-5 wp-block-gallery-1 is-layout-flex wp-block-gallery-is-layout-flex\">\n<figure data-wp-context=\"{&quot;imageId&quot;:&quot;6a04669285b2c&quot;}\" data-wp-interactive=\"core\/image\" data-wp-key=\"6a04669285b2c\" class=\"wp-block-image size-full wp-lightbox-container\"><img decoding=\"async\" width=\"1536\" height=\"2048\" data-wp-class--hide=\"state.isContentHidden\" data-wp-class--show=\"state.isContentVisible\" data-wp-init=\"callbacks.setButtonStyles\" data-wp-on--click=\"actions.showLightbox\" data-wp-on--load=\"callbacks.setButtonStyles\" data-wp-on-window--resize=\"callbacks.setButtonStyles\" data-id=\"410\" src=\"https:\/\/krazhdj.com\/wp-content\/uploads\/2025\/11\/WhatsApp-Image-2025-11-11-at-00.56.53_39d315d7.jpg\" alt=\"\" class=\"wp-image-410\" srcset=\"https:\/\/krazhdj.com\/wp-content\/uploads\/2025\/11\/WhatsApp-Image-2025-11-11-at-00.56.53_39d315d7.jpg 1536w, https:\/\/krazhdj.com\/wp-content\/uploads\/2025\/11\/WhatsApp-Image-2025-11-11-at-00.56.53_39d315d7-225x300.jpg 225w, https:\/\/krazhdj.com\/wp-content\/uploads\/2025\/11\/WhatsApp-Image-2025-11-11-at-00.56.53_39d315d7-768x1024.jpg 768w, https:\/\/krazhdj.com\/wp-content\/uploads\/2025\/11\/WhatsApp-Image-2025-11-11-at-00.56.53_39d315d7-1152x1536.jpg 1152w\" sizes=\"(max-width: 1536px) 100vw, 1536px\" \/><button\n\t\t\tclass=\"lightbox-trigger\"\n\t\t\ttype=\"button\"\n\t\t\taria-haspopup=\"dialog\"\n\t\t\taria-label=\"Enlarge\"\n\t\t\tdata-wp-init=\"callbacks.initTriggerButton\"\n\t\t\tdata-wp-on--click=\"actions.showLightbox\"\n\t\t\tdata-wp-style--right=\"state.imageButtonRight\"\n\t\t\tdata-wp-style--top=\"state.imageButtonTop\"\n\t\t>\n\t\t\t<svg xmlns=\"http:\/\/www.w3.org\/2000\/svg\" width=\"12\" height=\"12\" fill=\"none\" viewBox=\"0 0 12 12\">\n\t\t\t\t<path fill=\"#fff\" d=\"M2 0a2 2 0 0 0-2 2v2h1.5V2a.5.5 0 0 1 .5-.5h2V0H2Zm2 10.5H2a.5.5 0 0 1-.5-.5V8H0v2a2 2 0 0 0 2 2h2v-1.5ZM8 12v-1.5h2a.5.5 0 0 0 .5-.5V8H12v2a2 2 0 0 1-2 2H8Zm2-12a2 2 0 0 1 2 2v2h-1.5V2a.5.5 0 0 0-.5-.5H8V0h2Z\" \/>\n\t\t\t<\/svg>\n\t\t<\/button><\/figure>\n\n\n\n<figure data-wp-context=\"{&quot;imageId&quot;:&quot;6a04669285f33&quot;}\" data-wp-interactive=\"core\/image\" data-wp-key=\"6a04669285f33\" class=\"wp-block-image size-full wp-lightbox-container\"><img loading=\"lazy\" decoding=\"async\" width=\"1600\" height=\"1067\" data-wp-class--hide=\"state.isContentHidden\" data-wp-class--show=\"state.isContentVisible\" data-wp-init=\"callbacks.setButtonStyles\" data-wp-on--click=\"actions.showLightbox\" data-wp-on--load=\"callbacks.setButtonStyles\" data-wp-on-window--resize=\"callbacks.setButtonStyles\" data-id=\"412\" src=\"https:\/\/krazhdj.com\/wp-content\/uploads\/2025\/11\/WhatsApp-Image-2025-11-11-at-00.57.02_34f16906-1.jpg\" alt=\"\" class=\"wp-image-412\" srcset=\"https:\/\/krazhdj.com\/wp-content\/uploads\/2025\/11\/WhatsApp-Image-2025-11-11-at-00.57.02_34f16906-1.jpg 1600w, https:\/\/krazhdj.com\/wp-content\/uploads\/2025\/11\/WhatsApp-Image-2025-11-11-at-00.57.02_34f16906-1-300x200.jpg 300w, https:\/\/krazhdj.com\/wp-content\/uploads\/2025\/11\/WhatsApp-Image-2025-11-11-at-00.57.02_34f16906-1-1024x683.jpg 1024w, https:\/\/krazhdj.com\/wp-content\/uploads\/2025\/11\/WhatsApp-Image-2025-11-11-at-00.57.02_34f16906-1-768x512.jpg 768w, https:\/\/krazhdj.com\/wp-content\/uploads\/2025\/11\/WhatsApp-Image-2025-11-11-at-00.57.02_34f16906-1-1536x1024.jpg 1536w\" sizes=\"(max-width: 1600px) 100vw, 1600px\" \/><button\n\t\t\tclass=\"lightbox-trigger\"\n\t\t\ttype=\"button\"\n\t\t\taria-haspopup=\"dialog\"\n\t\t\taria-label=\"Enlarge\"\n\t\t\tdata-wp-init=\"callbacks.initTriggerButton\"\n\t\t\tdata-wp-on--click=\"actions.showLightbox\"\n\t\t\tdata-wp-style--right=\"state.imageButtonRight\"\n\t\t\tdata-wp-style--top=\"state.imageButtonTop\"\n\t\t>\n\t\t\t<svg xmlns=\"http:\/\/www.w3.org\/2000\/svg\" width=\"12\" height=\"12\" fill=\"none\" viewBox=\"0 0 12 12\">\n\t\t\t\t<path fill=\"#fff\" d=\"M2 0a2 2 0 0 0-2 2v2h1.5V2a.5.5 0 0 1 .5-.5h2V0H2Zm2 10.5H2a.5.5 0 0 1-.5-.5V8H0v2a2 2 0 0 0 2 2h2v-1.5ZM8 12v-1.5h2a.5.5 0 0 0 .5-.5V8H12v2a2 2 0 0 1-2 2H8Zm2-12a2 2 0 0 1 2 2v2h-1.5V2a.5.5 0 0 0-.5-.5H8V0h2Z\" \/>\n\t\t\t<\/svg>\n\t\t<\/button><\/figure>\n\n\n\n<figure data-wp-context=\"{&quot;imageId&quot;:&quot;6a046692862ad&quot;}\" data-wp-interactive=\"core\/image\" data-wp-key=\"6a046692862ad\" class=\"wp-block-image size-full wp-lightbox-container\"><img loading=\"lazy\" decoding=\"async\" width=\"738\" height=\"543\" data-wp-class--hide=\"state.isContentHidden\" data-wp-class--show=\"state.isContentVisible\" data-wp-init=\"callbacks.setButtonStyles\" data-wp-on--click=\"actions.showLightbox\" data-wp-on--load=\"callbacks.setButtonStyles\" data-wp-on-window--resize=\"callbacks.setButtonStyles\" data-id=\"408\" src=\"https:\/\/krazhdj.com\/wp-content\/uploads\/2025\/11\/WhatsApp-Image-2025-11-11-at-00.57.02_b4b62022-1.jpg\" alt=\"\" class=\"wp-image-408\" srcset=\"https:\/\/krazhdj.com\/wp-content\/uploads\/2025\/11\/WhatsApp-Image-2025-11-11-at-00.57.02_b4b62022-1.jpg 738w, https:\/\/krazhdj.com\/wp-content\/uploads\/2025\/11\/WhatsApp-Image-2025-11-11-at-00.57.02_b4b62022-1-300x221.jpg 300w\" sizes=\"(max-width: 738px) 100vw, 738px\" \/><button\n\t\t\tclass=\"lightbox-trigger\"\n\t\t\ttype=\"button\"\n\t\t\taria-haspopup=\"dialog\"\n\t\t\taria-label=\"Enlarge\"\n\t\t\tdata-wp-init=\"callbacks.initTriggerButton\"\n\t\t\tdata-wp-on--click=\"actions.showLightbox\"\n\t\t\tdata-wp-style--right=\"state.imageButtonRight\"\n\t\t\tdata-wp-style--top=\"state.imageButtonTop\"\n\t\t>\n\t\t\t<svg xmlns=\"http:\/\/www.w3.org\/2000\/svg\" width=\"12\" height=\"12\" fill=\"none\" viewBox=\"0 0 12 12\">\n\t\t\t\t<path fill=\"#fff\" d=\"M2 0a2 2 0 0 0-2 2v2h1.5V2a.5.5 0 0 1 .5-.5h2V0H2Zm2 10.5H2a.5.5 0 0 1-.5-.5V8H0v2a2 2 0 0 0 2 2h2v-1.5ZM8 12v-1.5h2a.5.5 0 0 0 .5-.5V8H12v2a2 2 0 0 1-2 2H8Zm2-12a2 2 0 0 1 2 2v2h-1.5V2a.5.5 0 0 0-.5-.5H8V0h2Z\" \/>\n\t\t\t<\/svg>\n\t\t<\/button><\/figure>\n\n\n\n<figure data-wp-context=\"{&quot;imageId&quot;:&quot;6a04669286625&quot;}\" data-wp-interactive=\"core\/image\" data-wp-key=\"6a04669286625\" class=\"wp-block-image size-full wp-lightbox-container\"><img loading=\"lazy\" decoding=\"async\" width=\"1280\" height=\"720\" data-wp-class--hide=\"state.isContentHidden\" data-wp-class--show=\"state.isContentVisible\" data-wp-init=\"callbacks.setButtonStyles\" data-wp-on--click=\"actions.showLightbox\" data-wp-on--load=\"callbacks.setButtonStyles\" data-wp-on-window--resize=\"callbacks.setButtonStyles\" data-id=\"409\" src=\"https:\/\/krazhdj.com\/wp-content\/uploads\/2025\/11\/WhatsApp-Image-2025-11-11-at-00.57.02_c5a10bc7.jpg\" alt=\"\" class=\"wp-image-409\" srcset=\"https:\/\/krazhdj.com\/wp-content\/uploads\/2025\/11\/WhatsApp-Image-2025-11-11-at-00.57.02_c5a10bc7.jpg 1280w, https:\/\/krazhdj.com\/wp-content\/uploads\/2025\/11\/WhatsApp-Image-2025-11-11-at-00.57.02_c5a10bc7-300x169.jpg 300w, https:\/\/krazhdj.com\/wp-content\/uploads\/2025\/11\/WhatsApp-Image-2025-11-11-at-00.57.02_c5a10bc7-1024x576.jpg 1024w, https:\/\/krazhdj.com\/wp-content\/uploads\/2025\/11\/WhatsApp-Image-2025-11-11-at-00.57.02_c5a10bc7-768x432.jpg 768w\" sizes=\"(max-width: 1280px) 100vw, 1280px\" \/><button\n\t\t\tclass=\"lightbox-trigger\"\n\t\t\ttype=\"button\"\n\t\t\taria-haspopup=\"dialog\"\n\t\t\taria-label=\"Enlarge\"\n\t\t\tdata-wp-init=\"callbacks.initTriggerButton\"\n\t\t\tdata-wp-on--click=\"actions.showLightbox\"\n\t\t\tdata-wp-style--right=\"state.imageButtonRight\"\n\t\t\tdata-wp-style--top=\"state.imageButtonTop\"\n\t\t>\n\t\t\t<svg xmlns=\"http:\/\/www.w3.org\/2000\/svg\" width=\"12\" height=\"12\" fill=\"none\" viewBox=\"0 0 12 12\">\n\t\t\t\t<path fill=\"#fff\" d=\"M2 0a2 2 0 0 0-2 2v2h1.5V2a.5.5 0 0 1 .5-.5h2V0H2Zm2 10.5H2a.5.5 0 0 1-.5-.5V8H0v2a2 2 0 0 0 2 2h2v-1.5ZM8 12v-1.5h2a.5.5 0 0 0 .5-.5V8H12v2a2 2 0 0 1-2 2H8Zm2-12a2 2 0 0 1 2 2v2h-1.5V2a.5.5 0 0 0-.5-.5H8V0h2Z\" \/>\n\t\t\t<\/svg>\n\t\t<\/button><\/figure>\n\n\n\n<figure data-wp-context=\"{&quot;imageId&quot;:&quot;6a046692869a6&quot;}\" data-wp-interactive=\"core\/image\" data-wp-key=\"6a046692869a6\" class=\"wp-block-image size-full wp-lightbox-container\"><img loading=\"lazy\" decoding=\"async\" width=\"1536\" height=\"2048\" data-wp-class--hide=\"state.isContentHidden\" data-wp-class--show=\"state.isContentVisible\" data-wp-init=\"callbacks.setButtonStyles\" data-wp-on--click=\"actions.showLightbox\" data-wp-on--load=\"callbacks.setButtonStyles\" data-wp-on-window--resize=\"callbacks.setButtonStyles\" data-id=\"411\" src=\"https:\/\/krazhdj.com\/wp-content\/uploads\/2025\/11\/WhatsApp-Image-2025-11-11-at-00.57.02_cdc1f772.jpg\" alt=\"\" class=\"wp-image-411\" srcset=\"https:\/\/krazhdj.com\/wp-content\/uploads\/2025\/11\/WhatsApp-Image-2025-11-11-at-00.57.02_cdc1f772.jpg 1536w, https:\/\/krazhdj.com\/wp-content\/uploads\/2025\/11\/WhatsApp-Image-2025-11-11-at-00.57.02_cdc1f772-225x300.jpg 225w, https:\/\/krazhdj.com\/wp-content\/uploads\/2025\/11\/WhatsApp-Image-2025-11-11-at-00.57.02_cdc1f772-768x1024.jpg 768w, https:\/\/krazhdj.com\/wp-content\/uploads\/2025\/11\/WhatsApp-Image-2025-11-11-at-00.57.02_cdc1f772-1152x1536.jpg 1152w\" sizes=\"(max-width: 1536px) 100vw, 1536px\" \/><button\n\t\t\tclass=\"lightbox-trigger\"\n\t\t\ttype=\"button\"\n\t\t\taria-haspopup=\"dialog\"\n\t\t\taria-label=\"Enlarge\"\n\t\t\tdata-wp-init=\"callbacks.initTriggerButton\"\n\t\t\tdata-wp-on--click=\"actions.showLightbox\"\n\t\t\tdata-wp-style--right=\"state.imageButtonRight\"\n\t\t\tdata-wp-style--top=\"state.imageButtonTop\"\n\t\t>\n\t\t\t<svg xmlns=\"http:\/\/www.w3.org\/2000\/svg\" width=\"12\" height=\"12\" fill=\"none\" viewBox=\"0 0 12 12\">\n\t\t\t\t<path fill=\"#fff\" d=\"M2 0a2 2 0 0 0-2 2v2h1.5V2a.5.5 0 0 1 .5-.5h2V0H2Zm2 10.5H2a.5.5 0 0 1-.5-.5V8H0v2a2 2 0 0 0 2 2h2v-1.5ZM8 12v-1.5h2a.5.5 0 0 0 .5-.5V8H12v2a2 2 0 0 1-2 2H8Zm2-12a2 2 0 0 1 2 2v2h-1.5V2a.5.5 0 0 0-.5-.5H8V0h2Z\" \/>\n\t\t\t<\/svg>\n\t\t<\/button><\/figure>\n<\/figure>\n","protected":false},"excerpt":{"rendered":"<p>Limosinas Llegar con estilo marca la diferencia.En KRAZH Entertainment, nuestras limosinas elegantes son el toque perfecto para hacer de su entrada un momento inolvidable.Cada detalle, desde el confort interior hasta la presentaci\u00f3n impecable, est\u00e1 pensado para realzar la magia de su boda, quincea\u00f1era o evento especial.Porque ese d\u00eda, usted merece sentirse como la verdadera estrella [&hellip;]<\/p>\n","protected":false},"author":1,"featured_media":0,"parent":0,"menu_order":0,"comment_status":"closed","ping_status":"closed","template":"","meta":{"_monsterinsights_skip_tracking":false,"_monsterinsights_sitenote_active":false,"_monsterinsights_sitenote_note":"","_monsterinsights_sitenote_category":0,"ngg_post_thumbnail":0,"footnotes":""},"class_list":["post-88","page","type-page","status-publish","hentry"],"_links":{"self":[{"href":"https:\/\/krazhdj.com\/index.php\/wp-json\/wp\/v2\/pages\/88","targetHints":{"allow":["GET"]}}],"collection":[{"href":"https:\/\/krazhdj.com\/index.php\/wp-json\/wp\/v2\/pages"}],"about":[{"href":"https:\/\/krazhdj.com\/index.php\/wp-json\/wp\/v2\/types\/page"}],"author":[{"embeddable":true,"href":"https:\/\/krazhdj.com\/index.php\/wp-json\/wp\/v2\/users\/1"}],"replies":[{"embeddable":true,"href":"https:\/\/krazhdj.com\/index.php\/wp-json\/wp\/v2\/comments?post=88"}],"version-history":[{"count":6,"href":"https:\/\/krazhdj.com\/index.php\/wp-json\/wp\/v2\/pages\/88\/revisions"}],"predecessor-version":[{"id":413,"href":"https:\/\/krazhdj.com\/index.php\/wp-json\/wp\/v2\/pages\/88\/revisions\/413"}],"wp:attachment":[{"href":"https:\/\/krazhdj.com\/index.php\/wp-json\/wp\/v2\/media?parent=88"}],"curies":[{"name":"wp","href":"https:\/\/api.w.org\/{rel}","templated":true}]}}